{"id":5777,"date":"2022-03-03T09:50:10","date_gmt":"2022-03-03T09:50:10","guid":{"rendered":"https:\/\/www.bmap.si\/?page_id=5777"},"modified":"2022-06-10T08:19:45","modified_gmt":"2022-06-10T08:19:45","slug":"proces-sodelovanja","status":"publish","type":"page","link":"https:\/\/www.bmap.si\/en\/proces-sodelovanja\/","title":{"rendered":"Proces sodelovanja"},"content":{"rendered":"<div data-elementor-type=\"wp-page\" data-elementor-id=\"5777\" class=\"elementor elementor-5777\">\n\t\t\t\t\t\t<section class=\"elementor-section elementor-top-section elementor-element elementor-element-98ee476 elementor-hidden-tablet elementor-hidden-mobile elementor-section-boxed elementor-section-height-default elementor-section-height-default\" data-id=\"98ee476\" data-element_type=\"section\">\n\t\t\t\t\t\t<div class=\"elementor-container elementor-column-gap-default\">\n\t\t\t\t\t<div class=\"elementor-column elementor-col-33 elementor-top-column elementor-element elementor-element-5c2567d\" data-id=\"5c2567d\" data-element_type=\"column\">\n\t\t\t<div class=\"elementor-widget-wrap elementor-element-populated\">\n\t\t\t\t\t\t<section class=\"elementor-section elementor-inner-section elementor-element elementor-element-e81d018 elementor-section-boxed elementor-section-height-default elementor-section-height-default\" data-id=\"e81d018\" data-element_type=\"section\">\n\t\t\t\t\t\t<div class=\"elementor-container elementor-column-gap-default\">\n\t\t\t\t\t<div class=\"elementor-column elementor-col-100 elementor-inner-column elementor-element elementor-element-944e06a\" data-id=\"944e06a\" data-element_type=\"column\">\n\t\t\t<div class=\"elementor-widget-wrap elementor-element-populated\">\n\t\t\t\t\t\t<div class=\"elementor-element elementor-element-c0a8397 elementor-widget elementor-widget-heading\" data-id=\"c0a8397\" data-element_type=\"widget\" data-widget_type=\"heading.default\">\n\t\t\t\t<div class=\"elementor-widget-container\">\n\t\t\t\t\t<h2 class=\"elementor-heading-title elementor-size-default\">2. Analiza obstoje\u010dega stanja\n<\/h2>\t\t\t\t<\/div>\n\t\t\t\t<\/div>\n\t\t\t\t<div class=\"elementor-element elementor-element-0293cea elementor-widget elementor-widget-text-editor\" data-id=\"0293cea\" data-element_type=\"widget\" data-widget_type=\"text-editor.default\">\n\t\t\t\t<div class=\"elementor-widget-container\">\n\t\t\t\t\t\t\t\t\t<ul>\n<li>preu\u010ditev pridobljene dokumentacije in ostalih informacij<\/li>\n<li>ugotovitev potreb stranke (identifikacija nevarnosti, ki jim je stranka izpostavljena)<\/li>\n<li>analiza ustreznosti obstoje\u010dega zavarovalnega kritja in predlogi za optimizacijo<\/li>\n<\/ul>\t\t\t\t\t\t\t\t<\/div>\n\t\t\t\t<\/div>\n\t\t\t\t\t<\/div>\n\t\t<\/div>\n\t\t\t\t\t<\/div>\n\t\t<\/section>\n\t\t\t\t<section class=\"elementor-section elementor-inner-section elementor-element elementor-element-11e6953 elementor-section-boxed elementor-section-height-default elementor-section-height-default\" data-id=\"11e6953\" data-element_type=\"section\">\n\t\t\t\t\t\t<div class=\"elementor-container elementor-column-gap-default\">\n\t\t\t\t\t<div class=\"elementor-column elementor-col-100 elementor-inner-column elementor-element elementor-element-3684603\" data-id=\"3684603\" data-element_type=\"column\">\n\t\t\t<div class=\"elementor-widget-wrap elementor-element-populated\">\n\t\t\t\t\t\t<div class=\"elementor-element elementor-element-cc80b7d elementor-widget elementor-widget-heading\" data-id=\"cc80b7d\" data-element_type=\"widget\" data-widget_type=\"heading.default\">\n\t\t\t\t<div class=\"elementor-widget-container\">\n\t\t\t\t\t<h2 class=\"elementor-heading-title elementor-size-default\">4. Analiza prejetih ponudb\n<\/h2>\t\t\t\t<\/div>\n\t\t\t\t<\/div>\n\t\t\t\t<div class=\"elementor-element elementor-element-a41750b elementor-widget elementor-widget-text-editor\" data-id=\"a41750b\" data-element_type=\"widget\" data-widget_type=\"text-editor.default\">\n\t\t\t\t<div class=\"elementor-widget-container\">\n\t\t\t\t\t\t\t\t\t<ul><li>pregled ustreznosti ponudb<\/li><li>priprava primerjalne analize na stranki razumljiv na\u010din<\/li><li>predstavitev ponudb stranki<\/li><\/ul>\t\t\t\t\t\t\t\t<\/div>\n\t\t\t\t<\/div>\n\t\t\t\t\t<\/div>\n\t\t<\/div>\n\t\t\t\t\t<\/div>\n\t\t<\/section>\n\t\t\t\t<section class=\"elementor-section elementor-inner-section elementor-element elementor-element-55651c0 elementor-section-boxed elementor-section-height-default elementor-section-height-default\" data-id=\"55651c0\" data-element_type=\"section\">\n\t\t\t\t\t\t<div class=\"elementor-container elementor-column-gap-default\">\n\t\t\t\t\t<div class=\"elementor-column elementor-col-100 elementor-inner-column elementor-element elementor-element-1944237\" data-id=\"1944237\" data-element_type=\"column\">\n\t\t\t<div class=\"elementor-widget-wrap elementor-element-populated\">\n\t\t\t\t\t\t<div class=\"elementor-element elementor-element-281278c elementor-widget elementor-widget-heading\" data-id=\"281278c\" data-element_type=\"widget\" data-widget_type=\"heading.default\">\n\t\t\t\t<div class=\"elementor-widget-container\">\n\t\t\t\t\t<h2 class=\"elementor-heading-title elementor-size-default\">6. Aktivnosti tekom trajanja zavarovalne pogodbe\n<\/h2>\t\t\t\t<\/div>\n\t\t\t\t<\/div>\n\t\t\t\t<div class=\"elementor-element elementor-element-e3a8e3a elementor-widget elementor-widget-text-editor\" data-id=\"e3a8e3a\" data-element_type=\"widget\" data-widget_type=\"text-editor.default\">\n\t\t\t\t<div class=\"elementor-widget-container\">\n\t\t\t\t\t\t\t\t\t<ul><li>spremljanje zavarovalnega trga in priporo\u010dila glede morebitnih izbolj\u0161av kritja<\/li><li>pomo\u010d pri re\u0161evanju \u0161kodnih primerov<\/li><li>skrb za pravo\u010dasno in ustrezno obnovo zavarovanj<\/li><li>pomo\u010d pri vodenju administracije<\/li><li>asistenca pri vsakr\u0161nih vpra\u0161anjih \/ te\u017eavah v povezavi z zavarovanji<\/li><\/ul>\t\t\t\t\t\t\t\t<\/div>\n\t\t\t\t<\/div>\n\t\t\t\t\t<\/div>\n\t\t<\/div>\n\t\t\t\t\t<\/div>\n\t\t<\/section>\n\t\t\t\t\t<\/div>\n\t\t<\/div>\n\t\t\t\t<div class=\"elementor-column elementor-col-33 elementor-top-column elementor-element elementor-element-48f6431\" data-id=\"48f6431\" data-element_type=\"column\">\n\t\t\t<div class=\"elementor-widget-wrap elementor-element-populated\">\n\t\t\t\t\t\t<div class=\"elementor-element elementor-element-61bc3fd elementor-widget elementor-widget-image\" data-id=\"61bc3fd\" data-element_type=\"widget\" data-widget_type=\"image.default\">\n\t\t\t\t<div class=\"elementor-widget-container\">\n\t\t\t\t\t\t\t\t\t\t\t\t\t\t\t<img fetchpriority=\"high\" decoding=\"async\" width=\"255\" height=\"1024\" src=\"https:\/\/www.bmap.si\/wp-content\/uploads\/2022\/03\/BMA_DIAGRAM-POTEKA-255x1024.png\" class=\"attachment-large size-large wp-image-5782\" alt=\"\" srcset=\"https:\/\/www.bmap.si\/wp-content\/uploads\/2022\/03\/BMA_DIAGRAM-POTEKA-255x1024.png 255w, https:\/\/www.bmap.si\/wp-content\/uploads\/2022\/03\/BMA_DIAGRAM-POTEKA-75x300.png 75w, https:\/\/www.bmap.si\/wp-content\/uploads\/2022\/03\/BMA_DIAGRAM-POTEKA-383x1536.png 383w, https:\/\/www.bmap.si\/wp-content\/uploads\/2022\/03\/BMA_DIAGRAM-POTEKA.png 458w\" sizes=\"(max-width: 255px) 100vw, 255px\" \/>\t\t\t\t\t\t\t\t\t\t\t\t\t\t\t<\/div>\n\t\t\t\t<\/div>\n\t\t\t\t\t<\/div>\n\t\t<\/div>\n\t\t\t\t<div class=\"elementor-column elementor-col-33 elementor-top-column elementor-element elementor-element-cbb715b\" data-id=\"cbb715b\" data-element_type=\"column\">\n\t\t\t<div class=\"elementor-widget-wrap elementor-element-populated\">\n\t\t\t\t\t\t<section class=\"elementor-section elementor-inner-section elementor-element elementor-element-ef19f80 elementor-section-boxed elementor-section-height-default elementor-section-height-default\" data-id=\"ef19f80\" data-element_type=\"section\">\n\t\t\t\t\t\t<div class=\"elementor-container elementor-column-gap-default\">\n\t\t\t\t\t<div class=\"elementor-column elementor-col-100 elementor-inner-column elementor-element elementor-element-8cb8805\" data-id=\"8cb8805\" data-element_type=\"column\">\n\t\t\t<div class=\"elementor-widget-wrap elementor-element-populated\">\n\t\t\t\t\t\t<div class=\"elementor-element elementor-element-1755152 elementor-widget elementor-widget-heading\" data-id=\"1755152\" data-element_type=\"widget\" data-widget_type=\"heading.default\">\n\t\t\t\t<div class=\"elementor-widget-container\">\n\t\t\t\t\t<h2 class=\"elementor-heading-title elementor-size-default\">1. Uvodni sestanek\n<\/h2>\t\t\t\t<\/div>\n\t\t\t\t<\/div>\n\t\t\t\t<div class=\"elementor-element elementor-element-8b09e51 elementor-widget elementor-widget-text-editor\" data-id=\"8b09e51\" data-element_type=\"widget\" data-widget_type=\"text-editor.default\">\n\t\t\t\t<div class=\"elementor-widget-container\">\n\t\t\t\t\t\t\t\t\t<ul>\n \t<li>predstavitev delovanja podjetja stranke<\/li>\n \t<li>pridobitev informacij, pomembnih z vidika tveganj in nevarnosti<\/li>\n \t<li>pridobitev obstoje\u010de zavarovalne dokumentacije<\/li>\n<\/ul>\t\t\t\t\t\t\t\t<\/div>\n\t\t\t\t<\/div>\n\t\t\t\t\t<\/div>\n\t\t<\/div>\n\t\t\t\t\t<\/div>\n\t\t<\/section>\n\t\t\t\t<section class=\"elementor-section elementor-inner-section elementor-element elementor-element-aa3fe87 elementor-section-boxed elementor-section-height-default elementor-section-height-default\" data-id=\"aa3fe87\" data-element_type=\"section\">\n\t\t\t\t\t\t<div class=\"elementor-container elementor-column-gap-default\">\n\t\t\t\t\t<div class=\"elementor-column elementor-col-100 elementor-inner-column elementor-element elementor-element-dd95912\" data-id=\"dd95912\" data-element_type=\"column\">\n\t\t\t<div class=\"elementor-widget-wrap elementor-element-populated\">\n\t\t\t\t\t\t<div class=\"elementor-element elementor-element-82b949e elementor-widget elementor-widget-heading\" data-id=\"82b949e\" data-element_type=\"widget\" data-widget_type=\"heading.default\">\n\t\t\t\t<div class=\"elementor-widget-container\">\n\t\t\t\t\t<h2 class=\"elementor-heading-title elementor-size-default\">3. Komunikacija z zavarovalnicami\n<\/h2>\t\t\t\t<\/div>\n\t\t\t\t<\/div>\n\t\t\t\t<div class=\"elementor-element elementor-element-b57fc1d elementor-widget elementor-widget-text-editor\" data-id=\"b57fc1d\" data-element_type=\"widget\" data-widget_type=\"text-editor.default\">\n\t\t\t\t<div class=\"elementor-widget-container\">\n\t\t\t\t\t\t\t\t\t<ul><li>priprava povpra\u0161evanja<\/li><li>prilagoditve pogojev zavarovanja \/ zavarovalnega kritja potrebam stranke<\/li><li>pogajanja glede obsega kritja in vi\u0161ine premije<\/li><\/ul>\t\t\t\t\t\t\t\t<\/div>\n\t\t\t\t<\/div>\n\t\t\t\t\t<\/div>\n\t\t<\/div>\n\t\t\t\t\t<\/div>\n\t\t<\/section>\n\t\t\t\t<section class=\"elementor-section elementor-inner-section elementor-element elementor-element-046aa5c elementor-section-boxed elementor-section-height-default elementor-section-height-default\" data-id=\"046aa5c\" data-element_type=\"section\">\n\t\t\t\t\t\t<div class=\"elementor-container elementor-column-gap-default\">\n\t\t\t\t\t<div class=\"elementor-column elementor-col-100 elementor-inner-column elementor-element elementor-element-b5101fe\" data-id=\"b5101fe\" data-element_type=\"column\">\n\t\t\t<div class=\"elementor-widget-wrap elementor-element-populated\">\n\t\t\t\t\t\t<div class=\"elementor-element elementor-element-eca6d2b elementor-widget elementor-widget-heading\" data-id=\"eca6d2b\" data-element_type=\"widget\" data-widget_type=\"heading.default\">\n\t\t\t\t<div class=\"elementor-widget-container\">\n\t\t\t\t\t<h2 class=\"elementor-heading-title elementor-size-default\">5. Sklenitev zavarovalne pogodbe\n<\/h2>\t\t\t\t<\/div>\n\t\t\t\t<\/div>\n\t\t\t\t<div class=\"elementor-element elementor-element-a794253 elementor-widget elementor-widget-text-editor\" data-id=\"a794253\" data-element_type=\"widget\" data-widget_type=\"text-editor.default\">\n\t\t\t\t<div class=\"elementor-widget-container\">\n\t\t\t\t\t\t\t\t\t<ul><li>po prejemu odlo\u010ditve s strani stranke \/ potrditve ponudbe, naro\u010dimo izdajo zavarovalne dokumentacije<\/li><li>pregled ustreznosti dokumentacije in skladnosti s ponudbo<\/li><li>posredovanje doklumentacije stranki v podpis \/ potrditev<\/li><\/ul>\t\t\t\t\t\t\t\t<\/div>\n\t\t\t\t<\/div>\n\t\t\t\t\t<\/div>\n\t\t<\/div>\n\t\t\t\t\t<\/div>\n\t\t<\/section>\n\t\t\t\t\t<\/div>\n\t\t<\/div>\n\t\t\t\t\t<\/div>\n\t\t<\/section>\n\t\t\t\t<section class=\"elementor-section elementor-top-section elementor-element elementor-element-552aa09 elementor-hidden-desktop elementor-section-boxed elementor-section-height-default elementor-section-height-default\" data-id=\"552aa09\" data-element_type=\"section\">\n\t\t\t\t\t\t<div class=\"elementor-container elementor-column-gap-default\">\n\t\t\t\t\t<div class=\"elementor-column elementor-col-100 elementor-top-column elementor-element elementor-element-ebbf868\" data-id=\"ebbf868\" data-element_type=\"column\">\n\t\t\t<div class=\"elementor-widget-wrap elementor-element-populated\">\n\t\t\t\t\t\t<section class=\"elementor-section elementor-inner-section elementor-element elementor-element-e244e28 elementor-section-boxed elementor-section-height-default elementor-section-height-default\" data-id=\"e244e28\" data-element_type=\"section\">\n\t\t\t\t\t\t<div class=\"elementor-container elementor-column-gap-default\">\n\t\t\t\t\t<div class=\"elementor-column elementor-col-100 elementor-inner-column elementor-element elementor-element-3888226\" data-id=\"3888226\" data-element_type=\"column\">\n\t\t\t<div class=\"elementor-widget-wrap elementor-element-populated\">\n\t\t\t\t\t\t<div class=\"elementor-element elementor-element-692bbd6 elementor-widget elementor-widget-heading\" data-id=\"692bbd6\" data-element_type=\"widget\" data-widget_type=\"heading.default\">\n\t\t\t\t<div class=\"elementor-widget-container\">\n\t\t\t\t\t<h2 class=\"elementor-heading-title elementor-size-default\">1. Uvodni sestanek\n<\/h2>\t\t\t\t<\/div>\n\t\t\t\t<\/div>\n\t\t\t\t<div class=\"elementor-element elementor-element-9502e18 elementor-widget elementor-widget-text-editor\" data-id=\"9502e18\" data-element_type=\"widget\" data-widget_type=\"text-editor.default\">\n\t\t\t\t<div class=\"elementor-widget-container\">\n\t\t\t\t\t\t\t\t\t<ul>\n \t<li>predstavitev delovanja podjetja stranke<\/li>\n \t<li>pridobitev informacij, pomembnih z vidika tveganj in nevarnosti<\/li>\n \t<li>pridobitev obstoje\u010de zavarovalne dokumentacije<\/li>\n<\/ul>\t\t\t\t\t\t\t\t<\/div>\n\t\t\t\t<\/div>\n\t\t\t\t\t<\/div>\n\t\t<\/div>\n\t\t\t\t\t<\/div>\n\t\t<\/section>\n\t\t\t\t<section class=\"elementor-section elementor-inner-section elementor-element elementor-element-efc95a9 elementor-section-boxed elementor-section-height-default elementor-section-height-default\" data-id=\"efc95a9\" data-element_type=\"section\">\n\t\t\t\t\t\t<div class=\"elementor-container elementor-column-gap-default\">\n\t\t\t\t\t<div class=\"elementor-column elementor-col-100 elementor-inner-column elementor-element elementor-element-8e2fc92\" data-id=\"8e2fc92\" data-element_type=\"column\">\n\t\t\t<div class=\"elementor-widget-wrap elementor-element-populated\">\n\t\t\t\t\t\t<div class=\"elementor-element elementor-element-fa97f73 elementor-widget elementor-widget-heading\" data-id=\"fa97f73\" data-element_type=\"widget\" data-widget_type=\"heading.default\">\n\t\t\t\t<div class=\"elementor-widget-container\">\n\t\t\t\t\t<h2 class=\"elementor-heading-title elementor-size-default\">2. Analiza obstoje\u010dega stanja\n<\/h2>\t\t\t\t<\/div>\n\t\t\t\t<\/div>\n\t\t\t\t<div class=\"elementor-element elementor-element-cf78c17 elementor-widget elementor-widget-text-editor\" data-id=\"cf78c17\" data-element_type=\"widget\" data-widget_type=\"text-editor.default\">\n\t\t\t\t<div class=\"elementor-widget-container\">\n\t\t\t\t\t\t\t\t\t<ul>\n \t<li>preu\u010ditev pridobljene dokumentacije in ostalih informacij<\/li>\n \t<li>ugotovitev potreb stranke (identifikacija nevarnosti, ki jim je stranka izpostavljena)<\/li>\n \t<li>analiza ustreznosti obstoje\u010dega zavarovalnega kritja in predlogi za optimizacijo<\/li>\n<\/ul>\t\t\t\t\t\t\t\t<\/div>\n\t\t\t\t<\/div>\n\t\t\t\t\t<\/div>\n\t\t<\/div>\n\t\t\t\t\t<\/div>\n\t\t<\/section>\n\t\t\t\t<section class=\"elementor-section elementor-inner-section elementor-element elementor-element-31cdcf9 elementor-section-boxed elementor-section-height-default elementor-section-height-default\" data-id=\"31cdcf9\" data-element_type=\"section\">\n\t\t\t\t\t\t<div class=\"elementor-container elementor-column-gap-default\">\n\t\t\t\t\t<div class=\"elementor-column elementor-col-100 elementor-inner-column elementor-element elementor-element-c8a020d\" data-id=\"c8a020d\" data-element_type=\"column\">\n\t\t\t<div class=\"elementor-widget-wrap elementor-element-populated\">\n\t\t\t\t\t\t<div class=\"elementor-element elementor-element-1b4c17c elementor-widget elementor-widget-heading\" data-id=\"1b4c17c\" data-element_type=\"widget\" data-widget_type=\"heading.default\">\n\t\t\t\t<div class=\"elementor-widget-container\">\n\t\t\t\t\t<h2 class=\"elementor-heading-title elementor-size-default\">3. Komunikacija z zavarovalnicami\n<\/h2>\t\t\t\t<\/div>\n\t\t\t\t<\/div>\n\t\t\t\t<div class=\"elementor-element elementor-element-04b67fa elementor-widget elementor-widget-text-editor\" data-id=\"04b67fa\" data-element_type=\"widget\" data-widget_type=\"text-editor.default\">\n\t\t\t\t<div class=\"elementor-widget-container\">\n\t\t\t\t\t\t\t\t\t<ul><li>priprava povpra\u0161evanja<\/li><li>prilagoditve pogojev zavarovanja \/ zavarovalnega kritja potrebam stranke<\/li><li>pogajanja glede obsega kritja in vi\u0161ine premije<\/li><\/ul>\t\t\t\t\t\t\t\t<\/div>\n\t\t\t\t<\/div>\n\t\t\t\t\t<\/div>\n\t\t<\/div>\n\t\t\t\t\t<\/div>\n\t\t<\/section>\n\t\t\t\t<section class=\"elementor-section elementor-inner-section elementor-element elementor-element-6ac144b elementor-section-boxed elementor-section-height-default elementor-section-height-default\" data-id=\"6ac144b\" data-element_type=\"section\">\n\t\t\t\t\t\t<div class=\"elementor-container elementor-column-gap-default\">\n\t\t\t\t\t<div class=\"elementor-column elementor-col-100 elementor-inner-column elementor-element elementor-element-0345914\" data-id=\"0345914\" data-element_type=\"column\">\n\t\t\t<div class=\"elementor-widget-wrap elementor-element-populated\">\n\t\t\t\t\t\t<div class=\"elementor-element elementor-element-f9e9712 elementor-widget elementor-widget-heading\" data-id=\"f9e9712\" data-element_type=\"widget\" data-widget_type=\"heading.default\">\n\t\t\t\t<div class=\"elementor-widget-container\">\n\t\t\t\t\t<h2 class=\"elementor-heading-title elementor-size-default\">4. Analiza prejetih ponudb\n<\/h2>\t\t\t\t<\/div>\n\t\t\t\t<\/div>\n\t\t\t\t<div class=\"elementor-element elementor-element-e114a43 elementor-widget elementor-widget-text-editor\" data-id=\"e114a43\" data-element_type=\"widget\" data-widget_type=\"text-editor.default\">\n\t\t\t\t<div class=\"elementor-widget-container\">\n\t\t\t\t\t\t\t\t\t<ul><li>pregled ustreznosti ponudb<\/li><li>priprava primerjalne analize na stranki razumljiv na\u010din<\/li><li>predstavitev ponudb stranki<\/li><\/ul>\t\t\t\t\t\t\t\t<\/div>\n\t\t\t\t<\/div>\n\t\t\t\t\t<\/div>\n\t\t<\/div>\n\t\t\t\t\t<\/div>\n\t\t<\/section>\n\t\t\t\t<section class=\"elementor-section elementor-inner-section elementor-element elementor-element-53f6689 elementor-section-boxed elementor-section-height-default elementor-section-height-default\" data-id=\"53f6689\" data-element_type=\"section\">\n\t\t\t\t\t\t<div class=\"elementor-container elementor-column-gap-default\">\n\t\t\t\t\t<div class=\"elementor-column elementor-col-100 elementor-inner-column elementor-element elementor-element-f004ff4\" data-id=\"f004ff4\" data-element_type=\"column\">\n\t\t\t<div class=\"elementor-widget-wrap elementor-element-populated\">\n\t\t\t\t\t\t<div class=\"elementor-element elementor-element-418dd1c elementor-widget elementor-widget-heading\" data-id=\"418dd1c\" data-element_type=\"widget\" data-widget_type=\"heading.default\">\n\t\t\t\t<div class=\"elementor-widget-container\">\n\t\t\t\t\t<h2 class=\"elementor-heading-title elementor-size-default\">5. Sklenitev zavarovalne pogodbe\n<\/h2>\t\t\t\t<\/div>\n\t\t\t\t<\/div>\n\t\t\t\t<div class=\"elementor-element elementor-element-5a8acfd elementor-widget elementor-widget-text-editor\" data-id=\"5a8acfd\" data-element_type=\"widget\" data-widget_type=\"text-editor.default\">\n\t\t\t\t<div class=\"elementor-widget-container\">\n\t\t\t\t\t\t\t\t\t<ul><li>po prejemu odlo\u010ditve s strani stranke \/ potrditve ponudbe, naro\u010dimo izdajo zavarovalne dokumentacije<\/li><li>pregled ustreznosti dokumentacije in skladnosti s ponudbo<\/li><li>posredovanje doklumentacije stranki v podpis \/ potrditev<\/li><\/ul>\t\t\t\t\t\t\t\t<\/div>\n\t\t\t\t<\/div>\n\t\t\t\t\t<\/div>\n\t\t<\/div>\n\t\t\t\t\t<\/div>\n\t\t<\/section>\n\t\t\t\t<section class=\"elementor-section elementor-inner-section elementor-element elementor-element-428d30b elementor-section-boxed elementor-section-height-default elementor-section-height-default\" data-id=\"428d30b\" data-element_type=\"section\">\n\t\t\t\t\t\t<div class=\"elementor-container elementor-column-gap-default\">\n\t\t\t\t\t<div class=\"elementor-column elementor-col-100 elementor-inner-column elementor-element elementor-element-96f5a46\" data-id=\"96f5a46\" data-element_type=\"column\">\n\t\t\t<div class=\"elementor-widget-wrap elementor-element-populated\">\n\t\t\t\t\t\t<div class=\"elementor-element elementor-element-663e736 elementor-widget elementor-widget-heading\" data-id=\"663e736\" data-element_type=\"widget\" data-widget_type=\"heading.default\">\n\t\t\t\t<div class=\"elementor-widget-container\">\n\t\t\t\t\t<h2 class=\"elementor-heading-title elementor-size-default\">6. Aktivnosti tekom trajanja zavarovalne pogodbe\n<\/h2>\t\t\t\t<\/div>\n\t\t\t\t<\/div>\n\t\t\t\t<div class=\"elementor-element elementor-element-7505510 elementor-widget elementor-widget-text-editor\" data-id=\"7505510\" data-element_type=\"widget\" data-widget_type=\"text-editor.default\">\n\t\t\t\t<div class=\"elementor-widget-container\">\n\t\t\t\t\t\t\t\t\t<ul><li>spremljanje zavarovalnega trga in priporo\u010dila glede morebitnih izbolj\u0161av kritja<\/li><li>pomo\u010d pri re\u0161evanju \u0161kodnih primerov<\/li><li>skrb za pravo\u010dasno in ustrezno obnovo zavarovanj<\/li><li>pomo\u010d pri vodenju administracije<\/li><li>asistenca pri vsakr\u0161nih vpra\u0161anjih \/ te\u017eavah v povezavi z zavarovanji<\/li><\/ul>\t\t\t\t\t\t\t\t<\/div>\n\t\t\t\t<\/div>\n\t\t\t\t\t<\/div>\n\t\t<\/div>\n\t\t\t\t\t<\/div>\n\t\t<\/section>\n\t\t\t\t\t<\/div>\n\t\t<\/div>\n\t\t\t\t\t<\/div>\n\t\t<\/section>\n\t\t\t\t<\/div>","protected":false},"excerpt":{"rendered":"<p>2. Analiza obstoje\u010dega stanja preu\u010ditev pridobljene dokumentacije in ostalih informacij ugotovitev potreb stranke (identifikacija nevarnosti, ki jim je stranka izpostavljena) analiza ustreznosti obstoje\u010dega zavarovalnega kritja in predlogi za optimizacijo 4. Analiza prejetih ponudb pregled ustreznosti ponudb priprava primerjalne analize na stranki razumljiv na\u010din predstavitev ponudb stranki 6. Aktivnosti tekom trajanja zavarovalne pogodbe spremljanje zavarovalnega trga [&hellip;]<\/p>","protected":false},"author":1,"featured_media":0,"parent":0,"menu_order":0,"comment_status":"closed","ping_status":"closed","template":"","meta":{"footnotes":""},"class_list":["post-5777","page","type-page","status-publish","hentry"],"aioseo_notices":[],"_links":{"self":[{"href":"https:\/\/www.bmap.si\/en\/wp-json\/wp\/v2\/pages\/5777","targetHints":{"allow":["GET"]}}],"collection":[{"href":"https:\/\/www.bmap.si\/en\/wp-json\/wp\/v2\/pages"}],"about":[{"href":"https:\/\/www.bmap.si\/en\/wp-json\/wp\/v2\/types\/page"}],"author":[{"embeddable":true,"href":"https:\/\/www.bmap.si\/en\/wp-json\/wp\/v2\/users\/1"}],"replies":[{"embeddable":true,"href":"https:\/\/www.bmap.si\/en\/wp-json\/wp\/v2\/comments?post=5777"}],"version-history":[{"count":0,"href":"https:\/\/www.bmap.si\/en\/wp-json\/wp\/v2\/pages\/5777\/revisions"}],"wp:attachment":[{"href":"https:\/\/www.bmap.si\/en\/wp-json\/wp\/v2\/media?parent=5777"}],"curies":[{"name":"wp","href":"https:\/\/api.w.org\/{rel}","templated":true}]}}