{"id":5752,"date":"2022-03-03T09:19:19","date_gmt":"2022-03-03T09:19:19","guid":{"rendered":"https:\/\/www.bmap.si\/?page_id=5752"},"modified":"2022-12-20T09:08:29","modified_gmt":"2022-12-20T09:08:29","slug":"ekipa","status":"publish","type":"page","link":"https:\/\/www.bmap.si\/en\/ekipa\/","title":{"rendered":"The team"},"content":{"rendered":"<div data-elementor-type=\"wp-page\" data-elementor-id=\"5752\" class=\"elementor elementor-5752\">\n\t\t\t\t\t\t<section class=\"elementor-section elementor-top-section elementor-element elementor-element-9d5c212 elementor-section-boxed elementor-section-height-default elementor-section-height-default\" data-id=\"9d5c212\" data-element_type=\"section\">\n\t\t\t\t\t\t<div class=\"elementor-container elementor-column-gap-default\">\n\t\t\t\t\t<div class=\"elementor-column elementor-col-100 elementor-top-column elementor-element elementor-element-0f6928c\" data-id=\"0f6928c\" data-element_type=\"column\">\n\t\t\t<div class=\"elementor-widget-wrap elementor-element-populated\">\n\t\t\t\t\t\t<div class=\"elementor-element elementor-element-cfb1b38 elementor-widget elementor-widget-stl-team\" data-id=\"cfb1b38\" data-element_type=\"widget\" data-widget_type=\"stl-team.default\">\n\t\t\t\t<div class=\"elementor-widget-container\">\n\t\t\t\t\t\t\t<div class=\"stl_module_team team-col_1 acenter\">\n\t\t\t<div class=\"team-items_wrap\">\n\t\t\t\t<div class=\"team-item\"><div class=\"team-item_wrap\"><div class=\"team-item_media\"><div class=\"team_image-wrapper\"><div class=\"team-image\"><img decoding=\"async\" src=\"https:\/\/www.bmap.si\/wp-content\/uploads\/2022\/03\/BST_8937-min-scaled-e1671525970461.jpg\" alt=\"\" \/><\/div><\/div> <\/div><div class=\"team-item_content\"><div class=\"team-item_info\"><h2 class=\"team-title\">Bojan Grabec<\/h2><div class=\"team-department\">Director<\/div><div class=\"team-item_excerpt\">Number of authorization to carry out insurance brokerage business: 30220-1275\/03-4-ZN \/ 13.06.2003<\/div><\/div><\/div><\/div><\/div>\t\t\t<\/div>\n\t\t<\/div>\n\t\t\t\t\t\t<\/div>\n\t\t\t\t<\/div>\n\t\t\t\t\t<\/div>\n\t\t<\/div>\n\t\t\t\t\t<\/div>\n\t\t<\/section>\n\t\t\t\t<section class=\"elementor-section elementor-top-section elementor-element elementor-element-0c96852 elementor-section-boxed elementor-section-height-default elementor-section-height-default\" data-id=\"0c96852\" data-element_type=\"section\">\n\t\t\t\t\t\t<div class=\"elementor-container elementor-column-gap-default\">\n\t\t\t\t\t<div class=\"elementor-column elementor-col-100 elementor-top-column elementor-element elementor-element-4d685ca\" data-id=\"4d685ca\" data-element_type=\"column\">\n\t\t\t<div class=\"elementor-widget-wrap elementor-element-populated\">\n\t\t\t\t\t\t<div class=\"elementor-element elementor-element-dff3373 elementor-widget elementor-widget-stl-team\" data-id=\"dff3373\" data-element_type=\"widget\" data-widget_type=\"stl-team.default\">\n\t\t\t\t<div class=\"elementor-widget-container\">\n\t\t\t\t\t\t\t<div class=\"stl_module_team team-col_3 acenter\">\n\t\t\t<div class=\"team-items_wrap\">\n\t\t\t\t<div class=\"team-item\"><div class=\"team-item_wrap\"><div class=\"team-item_media\"><div class=\"team_image-wrapper\"><div class=\"team-image\"><img decoding=\"async\" src=\"https:\/\/www.bmap.si\/wp-content\/uploads\/2022\/03\/BST_8994-min-e1671526127977-720x691.jpg\" alt=\"\" \/><\/div><\/div> <\/div><div class=\"team-item_content\"><div class=\"team-item_info\"><h2 class=\"team-title\">Marija Hohnjec<\/h2><div class=\"team-item_excerpt\">Number of authorization to carry out insurance brokerage business: 30220-2134\/03-4-ZN \/04.12.2003<\/div><\/div><\/div><\/div><\/div><div class=\"team-item\"><div class=\"team-item_wrap\"><div class=\"team-item_media\"><div class=\"team_image-wrapper\"><div class=\"team-image\"><img decoding=\"async\" src=\"https:\/\/www.bmap.si\/wp-content\/uploads\/2022\/03\/BST_9305-min-e1671525829482-720x691.jpg\" alt=\"\" \/><\/div><\/div> <\/div><div class=\"team-item_content\"><div class=\"team-item_info\"><h2 class=\"team-title\">Andreja Praper<\/h2><div class=\"team-item_excerpt\">Number of authorization to carry out insurance brokerage business: 30220-720\/01-17 \/ 13.06.2001<\/div><\/div><\/div><\/div><\/div><div class=\"team-item\"><div class=\"team-item_wrap\"><div class=\"team-item_media\"><div class=\"team_image-wrapper\"><div class=\"team-image\"><img decoding=\"async\" src=\"https:\/\/www.bmap.si\/wp-content\/uploads\/2022\/03\/BST_9041-min-e1671526223851-720x691.jpg\" alt=\"\" \/><\/div><\/div> <\/div><div class=\"team-item_content\"><div class=\"team-item_info\"><h2 class=\"team-title\">Matej Novak<\/h2><div class=\"team-item_excerpt\">Number of authorization to carry out insurance brokerage business: 40110-1145\/10-4 \/ 30.06.2010<\/div><\/div><\/div><\/div><\/div><div class=\"team-item\"><div class=\"team-item_wrap\"><div class=\"team-item_media\"><div class=\"team_image-wrapper\"><div class=\"team-image\"><img decoding=\"async\" src=\"https:\/\/www.bmap.si\/wp-content\/uploads\/2022\/03\/BST_8864-min-e1671526463715-720x691.jpg\" alt=\"\" \/><\/div><\/div> <\/div><div class=\"team-item_content\"><div class=\"team-item_info\"><h2 class=\"team-title\">Uro\u0161 Mlakar<\/h2><div class=\"team-item_excerpt\">Number of authorization to carry out insurance brokerage business: 40110-1194\/11-4 \/ 10.08.2011<\/div><\/div><\/div><\/div><\/div><div class=\"team-item\"><div class=\"team-item_wrap\"><div class=\"team-item_media\"><div class=\"team_image-wrapper\"><div class=\"team-image\"><img decoding=\"async\" src=\"https:\/\/www.bmap.si\/wp-content\/uploads\/2022\/12\/BST_9145-min-e1671526529435-720x691.jpg\" alt=\"\" \/><\/div><\/div> <\/div><div class=\"team-item_content\"><div class=\"team-item_info\"><h2 class=\"team-title\">Polona Irt<\/h2><div class=\"team-item_excerpt\">\u0160tevilka dovoljenja za opravljanje poslov zavarovalnega posredovanja 30220-1501\/05-4 \u00a0\/\u00a0 23.11.2005<\/div><\/div><\/div><\/div><\/div><div class=\"team-item\"><div class=\"team-item_wrap\"><div class=\"team-item_media\"><div class=\"team_image-wrapper\"><div class=\"team-image\"><img decoding=\"async\" src=\"https:\/\/www.bmap.si\/wp-content\/uploads\/2022\/03\/BST_9233-min-e1671526346376-720x691.jpg\" alt=\"\" \/><\/div><\/div> <\/div><div class=\"team-item_content\"><div class=\"team-item_info\"><h2 class=\"team-title\">Branka Kam\u0161ek<\/h2><div class=\"team-item_excerpt\">Business Secretary\r\n&nbsp;\r\n \r\n\r\n&nbsp;\r\n \r\n<\/div><\/div><\/div><\/div><\/div>\t\t\t<\/div>\n\t\t<\/div>\n\t\t\t\t\t\t<\/div>\n\t\t\t\t<\/div>\n\t\t\t\t\t<\/div>\n\t\t<\/div>\n\t\t\t\t\t<\/div>\n\t\t<\/section>\n\t\t\t\t<\/div>","protected":false},"excerpt":{"rendered":"<p>Bojan Grabec Direktor\u0160tevilka dovoljenja za opravljanje poslov zavarovalnega posredovanja: 30220-1275\/03-4-ZN \/ 13.06.2003 &nbsp; Bojan je direktor podjetja od samega za\u010detka in ima ve\u010d kot 25 let izku\u0161enj v zavarovalni\u0161tvu. Prvi dve leti je delal v mednarodni zavarovalno-posredni\u0161ki dru\u017ebi Jauch&amp;Huebner v Avstriji. Ko se je ta dru\u017eba pridru\u017eila skupini Aon, je skrbel za poslovanje v Sloveniji [&hellip;]<\/p>","protected":false},"author":1,"featured_media":0,"parent":0,"menu_order":0,"comment_status":"closed","ping_status":"closed","template":"","meta":{"footnotes":""},"class_list":["post-5752","page","type-page","status-publish","hentry"],"aioseo_notices":[],"_links":{"self":[{"href":"https:\/\/www.bmap.si\/en\/wp-json\/wp\/v2\/pages\/5752","targetHints":{"allow":["GET"]}}],"collection":[{"href":"https:\/\/www.bmap.si\/en\/wp-json\/wp\/v2\/pages"}],"about":[{"href":"https:\/\/www.bmap.si\/en\/wp-json\/wp\/v2\/types\/page"}],"author":[{"embeddable":true,"href":"https:\/\/www.bmap.si\/en\/wp-json\/wp\/v2\/users\/1"}],"replies":[{"embeddable":true,"href":"https:\/\/www.bmap.si\/en\/wp-json\/wp\/v2\/comments?post=5752"}],"version-history":[{"count":0,"href":"https:\/\/www.bmap.si\/en\/wp-json\/wp\/v2\/pages\/5752\/revisions"}],"wp:attachment":[{"href":"https:\/\/www.bmap.si\/en\/wp-json\/wp\/v2\/media?parent=5752"}],"curies":[{"name":"wp","href":"https:\/\/api.w.org\/{rel}","templated":true}]}}